{"id":1046,"date":"2020-10-31T16:14:09","date_gmt":"2020-10-31T14:14:09","guid":{"rendered":"https:\/\/rucksack.beta-projekt.net\/startseite"},"modified":"2020-12-16T11:16:46","modified_gmt":"2020-12-16T09:16:46","slug":"startseite","status":"publish","type":"page","link":"https:\/\/www.rucksack-mitte.de\/ar\/","title":{"rendered":"\u0627\u0644\u0635\u0641\u062d\u0629 \u0627\u0644\u0631\u0626\u064a\u0633\u064a\u0629"},"content":{"rendered":"\r\n\t<div class=\"home-tiles-wrapper outer\">\r\n\r\n\t\t\r\n\t\t\t\r\n\t\t\t\r\n\t\t\t\r\n\t\t\t\r\n\t\t\t\r\n\t\t\t\r\n\t\t\t\r\n\t\t\t\r\n\t\t\t\r\n\t\t\t\r\n\t\t\t\r\n\t\t\t\r\n\t\t\t\r\n\t\t\t\r\n\t\t\t\r\n\t\t\t\r\n\t\t\t\r\n\t\t\t\r\n\t\t\t\r\n\t\t\t\r\n\t\t\r\n\t\t\t\t<div class=\"outer left\"><\/div>\r\n\t\t\t\t<div class=\"outer middle row-1\">\r\n\t\t\t\t\t<div class=\"home-tiles-wrapper inner\">\r\n\t\t\t<div class=\"home-tiles-element inner1 color\" style=\"background-color: #e84148\"><\/div> <div class=\"home-tiles-element inner2 text\" style=\"background-color:white;\">\r\n\t\t\t\t\t\t\t\t<div class=\"regular slider number1\">\r\n\t\t\t\t\t\t\t\r\n\t\t\t\t\t\t\t\t\t<div><p>Dil e\u011ftimi<\/p><\/div>\r\n\t\t\t\t\t\t\t\t\r\n\t\t\t\t\t\t\t\t\t<div><p>\u062a\u0623\u0647\u064a\u0644 \u0623\u0644\u0644\u063a\u0648\u064a<\/p><\/div>\r\n\t\t\t\t\t\t\t\t\r\n\t\t\t\t\t\t\t\t\t<div><p>Sprachbildung<\/p><\/div>\r\n\t\t\t\t\t\t\t\t\r\n\t\t\t\t\t\t\t\t<\/div>\r\n\t\t\t\t\t\t\t<\/div>\r\n\t\t\t\t\t\t\t<script type=\"text\/javascript\">\r\n\t\t\t\t\t\t\t\tjQuery(function ($) {\r\n\/\/\t\t\t\t\t\t\t\t\t$(document).on(\"ready\", function () {\r\n\t\t\t\t\t\t\t\t\t\tvar slider1 = $(\".number1\");\r\n\t\t\t\t\t\t\t\t\t\tvar slider1Delay = 116;\r\n\r\n\t\t\t\t\t\t\t\t\t\tsetTimeout(function () {\r\n\t\t\t\t\t\t\t\t\t\t\tslider1.slick(\"slickPlay\");\r\n\t\t\t\t\t\t\t\t\t\t}, slider1Delay);\r\n\/\/\t\t\t\t\t\t\t\t\t});\r\n\t\t\t\t\t\t\t\t});\r\n\t\t\t\t\t\t\t<\/script>\r\n\t\t\t\t\t\t<div class=\"home-tiles-element inner3 color\" style=\"background-color: #f59c00\"><\/div> <div class=\"home-tiles-element inner4 image\" style=\"background-image: url(https:\/\/rucksack-mitte.de\/wp-c0nt3nt5\/up10ad5\/2020\/11\/home-1.jpg);\"><\/div> \r\n\t\t\t\t\t<\/div> <!--home-tiles-wrapper inner-->\r\n\t\t\t\t<\/div>\r\n\t\t\t\t<div class=\"outer right\"><\/div>\r\n\t\t\t\r\n\t\t\t\t<div class=\"outer left\"><\/div>\r\n\t\t\t\t<div class=\"outer middle row-2\">\r\n\t\t\t\t\t<div class=\"home-tiles-wrapper inner\">\r\n\t\t\t<div class=\"home-tiles-element inner6 image\" style=\"background-image: url(https:\/\/rucksack-mitte.de\/wp-c0nt3nt5\/up10ad5\/2020\/11\/home-2.jpg);\"><\/div> <div class=\"home-tiles-element inner7 color\" style=\"background-color: #86cedc\"><\/div> <div class=\"home-tiles-element inner8 text\" style=\"background-color:white;\">\r\n\t\t\t\t\t\t\t\t<div class=\"regular slider number2\">\r\n\t\t\t\t\t\t\t\r\n\t\t\t\t\t\t\t\t\t<div><p>Diversit\u00e4tsorienterung<\/p><\/div>\r\n\t\t\t\t\t\t\t\t\r\n\t\t\t\t\t\t\t\t\t<div><p>\u00c7e\u015fitlilik odakl\u0131<\/p><\/div>\r\n\t\t\t\t\t\t\t\t\r\n\t\t\t\t\t\t\t\t\t<div><p>\u0645\u062a\u0648\u062c\u0647 \u0646\u062d\u0648 \u0627\u0644\u062a\u0646\u0648\u0639<\/p><\/div>\r\n\t\t\t\t\t\t\t\t\r\n\t\t\t\t\t\t\t\t<\/div>\r\n\t\t\t\t\t\t\t<\/div>\r\n\t\t\t\t\t\t\t<script type=\"text\/javascript\">\r\n\t\t\t\t\t\t\t\tjQuery(function ($) {\r\n\/\/\t\t\t\t\t\t\t\t\t$(document).on(\"ready\", function () {\r\n\t\t\t\t\t\t\t\t\t\tvar slider2 = $(\".number2\");\r\n\t\t\t\t\t\t\t\t\t\tvar slider2Delay = 563;\r\n\r\n\t\t\t\t\t\t\t\t\t\tsetTimeout(function () {\r\n\t\t\t\t\t\t\t\t\t\t\tslider2.slick(\"slickPlay\");\r\n\t\t\t\t\t\t\t\t\t\t}, slider2Delay);\r\n\/\/\t\t\t\t\t\t\t\t\t});\r\n\t\t\t\t\t\t\t\t});\r\n\t\t\t\t\t\t\t<\/script>\r\n\t\t\t\t\t\t<div class=\"home-tiles-element inner9 color\" style=\"background-color: #009e3f\"><\/div> \r\n\t\t\t\t\t<\/div> <!--home-tiles-wrapper inner-->\r\n\t\t\t\t<\/div>\r\n\t\t\t\t<div class=\"outer right\"><\/div>\r\n\t\t\t\r\n\t\t\t\t<div class=\"outer left\"><\/div>\r\n\t\t\t\t<div class=\"outer middle row-3\">\r\n\t\t\t\t\t<div class=\"home-tiles-wrapper inner\">\r\n\t\t\t<div class=\"home-tiles-element inner11 color\" style=\"background-color: #ffee00\"><\/div> <div class=\"home-tiles-element inner12 text\" style=\"background-color:white;\">\r\n\t\t\t\t\t\t\t\t<div class=\"regular slider number3\">\r\n\t\t\t\t\t\t\t\r\n\t\t\t\t\t\t\t\t\t<div><p>Mehrsprachigkeit<\/p><\/div>\r\n\t\t\t\t\t\t\t\t\r\n\t\t\t\t\t\t\t\t\t<div><p>\u00c7ok dillilik<\/p><\/div>\r\n\t\t\t\t\t\t\t\t\r\n\t\t\t\t\t\t\t\t\t<div><p>\u062a\u0639\u062f\u062f \u0627\u0644\u0644\u063a\u0627\u062a<\/p><\/div>\r\n\t\t\t\t\t\t\t\t\r\n\t\t\t\t\t\t\t\t<\/div>\r\n\t\t\t\t\t\t\t<\/div>\r\n\t\t\t\t\t\t\t<script type=\"text\/javascript\">\r\n\t\t\t\t\t\t\t\tjQuery(function ($) {\r\n\/\/\t\t\t\t\t\t\t\t\t$(document).on(\"ready\", function () {\r\n\t\t\t\t\t\t\t\t\t\tvar slider3 = $(\".number3\");\r\n\t\t\t\t\t\t\t\t\t\tvar slider3Delay = 1108;\r\n\r\n\t\t\t\t\t\t\t\t\t\tsetTimeout(function () {\r\n\t\t\t\t\t\t\t\t\t\t\tslider3.slick(\"slickPlay\");\r\n\t\t\t\t\t\t\t\t\t\t}, slider3Delay);\r\n\/\/\t\t\t\t\t\t\t\t\t});\r\n\t\t\t\t\t\t\t\t});\r\n\t\t\t\t\t\t\t<\/script>\r\n\t\t\t\t\t\t<div class=\"home-tiles-element inner13 color\" style=\"background-color: #f187b7\"><\/div> <div class=\"home-tiles-element inner14 image\" style=\"background-image: url(https:\/\/rucksack-mitte.de\/wp-c0nt3nt5\/up10ad5\/2021\/01\/rucksack-ohne-gesichter-2-scaled.jpg);\"><\/div> \r\n\t\t\t\t\t<\/div> <!--home-tiles-wrapper inner-->\r\n\t\t\t\t<\/div>\r\n\t\t\t\t<div class=\"outer right\"><\/div>\r\n\t\t\t\r\n\t\t\t\t<div class=\"outer left\"><\/div>\r\n\t\t\t\t<div class=\"outer middle row-4\">\r\n\t\t\t\t\t<div class=\"home-tiles-wrapper inner\">\r\n\t\t\t<div class=\"home-tiles-element inner16 image\" style=\"background-image: url(https:\/\/rucksack-mitte.de\/wp-c0nt3nt5\/up10ad5\/2020\/11\/home-4.jpg);\"><\/div> <div class=\"home-tiles-element inner17 color\" style=\"background-color: #009e3f\"><\/div> <div class=\"home-tiles-element inner18 text\" style=\"background-color:white;\">\r\n\t\t\t\t\t\t\t\t<div class=\"regular slider number4\">\r\n\t\t\t\t\t\t\t\r\n\t\t\t\t\t\t\t\t\t<div><p>\u0634\u0628\u0643\u0627\u062a \u062a\u0639\u0644\u064a\u0645\u064a\u0629 <\/p><\/div>\r\n\t\t\t\t\t\t\t\t\r\n\t\t\t\t\t\t\t\t\t<div><p>E\u011ftim a\u011f\u0131. <\/p><\/div>\r\n\t\t\t\t\t\t\t\t\r\n\t\t\t\t\t\t\t\t\t<div><p>Bildungsnetzwerk<\/p><\/div>\r\n\t\t\t\t\t\t\t\t\r\n\t\t\t\t\t\t\t\t<\/div>\r\n\t\t\t\t\t\t\t<\/div>\r\n\t\t\t\t\t\t\t<script type=\"text\/javascript\">\r\n\t\t\t\t\t\t\t\tjQuery(function ($) {\r\n\/\/\t\t\t\t\t\t\t\t\t$(document).on(\"ready\", function () {\r\n\t\t\t\t\t\t\t\t\t\tvar slider4 = $(\".number4\");\r\n\t\t\t\t\t\t\t\t\t\tvar slider4Delay = 1696;\r\n\r\n\t\t\t\t\t\t\t\t\t\tsetTimeout(function () {\r\n\t\t\t\t\t\t\t\t\t\t\tslider4.slick(\"slickPlay\");\r\n\t\t\t\t\t\t\t\t\t\t}, slider4Delay);\r\n\/\/\t\t\t\t\t\t\t\t\t});\r\n\t\t\t\t\t\t\t\t});\r\n\t\t\t\t\t\t\t<\/script>\r\n\t\t\t\t\t\t<div class=\"home-tiles-element inner19 color\" style=\"background-color: #a3c612\"><\/div> \r\n\t\t\t\t\t<\/div> <!--home-tiles-wrapper inner-->\r\n\t\t\t\t<\/div>\r\n\t\t\t\t<div class=\"outer right\"><\/div>\r\n\t\t\t\r\n\t\t\t\t<div class=\"outer left\"><\/div>\r\n\t\t\t\t<div class=\"outer middle row-5\">\r\n\t\t\t\t\t<div class=\"home-tiles-wrapper inner\">\r\n\t\t\t<div class=\"home-tiles-element inner21 color\" style=\"background-color: #a3c612\"><\/div> <div class=\"home-tiles-element inner22 text\" style=\"background-color:white;\">\r\n\t\t\t\t\t\t\t\t<div class=\"regular slider number5\">\r\n\t\t\t\t\t\t\t\r\n\t\t\t\t\t\t\t\t\t<div><p>Familienbildung<\/p><\/div>\r\n\t\t\t\t\t\t\t\t\r\n\t\t\t\t\t\t\t\t\t<div><p>Aile e\u011ftimi<\/p><\/div>\r\n\t\t\t\t\t\t\t\t\r\n\t\t\t\t\t\t\t\t\t<div><p>\u0627\u0644\u062a\u062b\u0642\u064a\u0641 \u0627\u0644\u0623\u0633\u0631\u064a<\/p><\/div>\r\n\t\t\t\t\t\t\t\t\r\n\t\t\t\t\t\t\t\t<\/div>\r\n\t\t\t\t\t\t\t<\/div>\r\n\t\t\t\t\t\t\t<script type=\"text\/javascript\">\r\n\t\t\t\t\t\t\t\tjQuery(function ($) {\r\n\/\/\t\t\t\t\t\t\t\t\t$(document).on(\"ready\", function () {\r\n\t\t\t\t\t\t\t\t\t\tvar slider5 = $(\".number5\");\r\n\t\t\t\t\t\t\t\t\t\tvar slider5Delay = 2096;\r\n\r\n\t\t\t\t\t\t\t\t\t\tsetTimeout(function () {\r\n\t\t\t\t\t\t\t\t\t\t\tslider5.slick(\"slickPlay\");\r\n\t\t\t\t\t\t\t\t\t\t}, slider5Delay);\r\n\/\/\t\t\t\t\t\t\t\t\t});\r\n\t\t\t\t\t\t\t\t});\r\n\t\t\t\t\t\t\t<\/script>\r\n\t\t\t\t\t\t<div class=\"home-tiles-element inner23 color\" style=\"background-color: #86cedc\"><\/div> <div class=\"home-tiles-element inner24 image\" style=\"background-image: url(https:\/\/rucksack-mitte.de\/wp-c0nt3nt5\/up10ad5\/2020\/11\/home-5.jpg);\"><\/div> \r\n\t\t\t\t\t<\/div> <!--home-tiles-wrapper inner-->\r\n\t\t\t\t<\/div>\r\n\t\t\t\t<div class=\"outer right\"><\/div>\r\n\t\t\t\r\n\t<\/div>\r\n\r\n\t\r\n\t<div class=\"home-tiles-wrapper outer has-the-logos\">\r\n\r\n\t\t<div class=\"outer left\"><\/div>\r\n\r\n\t\t<div class=\"outer middle\">\r\n\r\n\t\t\t<div class=\"home-tiles-wrapper inner\">\r\n\r\n\t\t\t\t<div class=\"home-tiles-element caption\">\r\n\t\t\t\t\t<p><\/p>\r\n\t\t\t\t<\/div>\r\n\r\n\t\t\t\t<div class=\"home-tiles-element blank\"><\/div>\r\n\t\t\t\t<div class=\"home-tiles-element blank\"><\/div>\r\n\t\t\t\t<div class=\"home-tiles-element blank\"><\/div>\r\n\r\n\t\t\t<\/div> <!--home-tiles-wrapper inner-->\r\n\r\n\t\t<\/div>\r\n\r\n\t\t<div class=\"outer right\"><\/div>\r\n\r\n\r\n\t\t<div class=\"outer left\"><\/div>\r\n\r\n\t\t<div class=\"outer middle\">\r\n\r\n\t\t\t<div class=\"home-tiles-wrapper inner\">\r\n\r\n\t\t\t\t\r\n\t\t\t\t\t<div class=\"home-tiles-element inner6 image\">\r\n\t\t\t\t\t\t<img decoding=\"async\" src=\"https:\/\/rucksack-mitte.de\/wp-c0nt3nt5\/up10ad5\/2021\/04\/km2_Logo_CMYK_quer.jpg\"\r\n\t\t\t\t\t\t\t alt=\"\"\/>\r\n\t\t\t\t\t<\/div>\r\n\r\n\t\t\t\t\r\n\t\t\t\t\t<div class=\"home-tiles-element inner6 image\">\r\n\t\t\t\t\t\t<img decoding=\"async\" src=\"https:\/\/rucksack-mitte.de\/wp-c0nt3nt5\/up10ad5\/2021\/01\/BM.jpg\"\r\n\t\t\t\t\t\t\t alt=\"\"\/>\r\n\t\t\t\t\t<\/div>\r\n\r\n\t\t\t\t\r\n\t\t\t\t\t<div class=\"home-tiles-element inner6 image\">\r\n\t\t\t\t\t\t<img decoding=\"async\" src=\"https:\/\/rucksack-mitte.de\/wp-c0nt3nt5\/up10ad5\/2021\/01\/sfz.jpg\"\r\n\t\t\t\t\t\t\t alt=\"\"\/>\r\n\t\t\t\t\t<\/div>\r\n\r\n\t\t\t\t\r\n\t\t\t\t\t<div class=\"home-tiles-element inner6 image\">\r\n\t\t\t\t\t\t<img decoding=\"async\" src=\"https:\/\/rucksack-mitte.de\/wp-c0nt3nt5\/up10ad5\/2021\/01\/freudenberg.jpg\"\r\n\t\t\t\t\t\t\t alt=\"\"\/>\r\n\t\t\t\t\t<\/div>\r\n\r\n\t\t\t\t\r\n\t\t\t<\/div> <!--home-tiles-wrapper inner-->\r\n\r\n\t\t<\/div>\r\n\r\n\t\t<div class=\"outer right\"><\/div>\r\n\r\n\t<\/div>\r\n\r\n\t\n","protected":false},"excerpt":{"rendered":"","protected":false},"author":2,"featured_media":0,"parent":0,"menu_order":0,"comment_status":"closed","ping_status":"closed","template":"","meta":{"_acf_changed":false,"footnotes":""},"class_list":["post-1046","page","type-page","status-publish","hentry"],"acf":[],"_links":{"self":[{"href":"https:\/\/www.rucksack-mitte.de\/ar\/wp-json\/wp\/v2\/pages\/1046","targetHints":{"allow":["GET"]}}],"collection":[{"href":"https:\/\/www.rucksack-mitte.de\/ar\/wp-json\/wp\/v2\/pages"}],"about":[{"href":"https:\/\/www.rucksack-mitte.de\/ar\/wp-json\/wp\/v2\/types\/page"}],"author":[{"embeddable":true,"href":"https:\/\/www.rucksack-mitte.de\/ar\/wp-json\/wp\/v2\/users\/2"}],"replies":[{"embeddable":true,"href":"https:\/\/www.rucksack-mitte.de\/ar\/wp-json\/wp\/v2\/comments?post=1046"}],"version-history":[{"count":0,"href":"https:\/\/www.rucksack-mitte.de\/ar\/wp-json\/wp\/v2\/pages\/1046\/revisions"}],"wp:attachment":[{"href":"https:\/\/www.rucksack-mitte.de\/ar\/wp-json\/wp\/v2\/media?parent=1046"}],"curies":[{"name":"wp","href":"https:\/\/api.w.org\/{rel}","templated":true}]}}